{"id":635,"date":"2022-11-15T09:32:48","date_gmt":"2022-11-15T08:32:48","guid":{"rendered":"https:\/\/www.dieterrudiger.com\/?page_id=635"},"modified":"2022-11-16T08:56:19","modified_gmt":"2022-11-16T07:56:19","slug":"en-ce-monde","status":"publish","type":"page","link":"https:\/\/www.dieterrudiger.com\/index.php\/en-ce-monde\/","title":{"rendered":"En ce monde"},"content":{"rendered":"\n<p><\/p>\n\n\n\n<h2 class=\"has-text-align-center wp-block-heading\">La confusion r\u00e8gne<\/h2>\n\n\n\n<div class=\"wp-block-responsive-lightbox-gallery\"><div class=\"rl-gallery-container rl-loading\" id=\"rl-gallery-container-1\" data-gallery_id=\"483\"> <div class=\"rl-gallery rl-basicmasonry-gallery \" id=\"rl-gallery-1\" data-gallery_no=\"1\"> <div class=\"rl-gutter-sizer\"><\/div><div class=\"rl-grid-sizer\"><\/div> <div class=\"rl-gallery-item rl-gallery-item-width-4\" > <div class=\"rl-gallery-item-content\"> <a href=\"https:\/\/www.dieterrudiger.com\/wp-content\/uploads\/2022\/09\/RUDIGER_HDPRAT22_054_DSC2839.jpg\" title=\"\" data-rl_title=\"\" class=\"rl-gallery-link\" data-rl_caption=\"\" data-rel=\"lightbox-gallery-1\"><img loading=\"lazy\" decoding=\"async\" src=\"https:\/\/www.dieterrudiger.com\/wp-content\/uploads\/2022\/09\/RUDIGER_HDPRAT22_054_DSC2839.jpg\" width=\"790\" height=\"1185\" alt=\"\" \/><\/a> <\/div> <\/div> <div class=\"rl-gallery-item\" > <div class=\"rl-gallery-item-content\"> <a href=\"https:\/\/www.dieterrudiger.com\/wp-content\/uploads\/2022\/09\/RUDIGER_HDPRAT22_055_DSC2842.jpg\" title=\"\" data-rl_title=\"\" class=\"rl-gallery-link\" data-rl_caption=\"\" data-rel=\"lightbox-gallery-1\"><img loading=\"lazy\" decoding=\"async\" src=\"https:\/\/www.dieterrudiger.com\/wp-content\/uploads\/2022\/09\/RUDIGER_HDPRAT22_055_DSC2842.jpg\" width=\"790\" height=\"1184\" alt=\"\" \/><\/a> <\/div> <\/div> <div class=\"rl-gallery-item\" > <div class=\"rl-gallery-item-content\"> <a href=\"https:\/\/www.dieterrudiger.com\/wp-content\/uploads\/2022\/09\/RUDIGER_HDPRAT22_053_DSC2829.jpg\" title=\"\" data-rl_title=\"\" class=\"rl-gallery-link\" data-rl_caption=\"\" data-rel=\"lightbox-gallery-1\"><img loading=\"lazy\" decoding=\"async\" src=\"https:\/\/www.dieterrudiger.com\/wp-content\/uploads\/2022\/09\/RUDIGER_HDPRAT22_053_DSC2829.jpg\" width=\"790\" height=\"1185\" alt=\"\" \/><\/a> <\/div> <\/div> <div class=\"rl-gallery-item\" > <div class=\"rl-gallery-item-content\"> <a href=\"https:\/\/www.dieterrudiger.com\/wp-content\/uploads\/2022\/09\/RUDIGER_HDPRAT22_056_DSC6346.jpg\" title=\"\" data-rl_title=\"\" class=\"rl-gallery-link\" data-rl_caption=\"\" data-rel=\"lightbox-gallery-1\"><img loading=\"lazy\" decoding=\"async\" src=\"https:\/\/www.dieterrudiger.com\/wp-content\/uploads\/2022\/09\/RUDIGER_HDPRAT22_056_DSC6346.jpg\" width=\"790\" height=\"1185\" alt=\"\" \/><\/a> <\/div> <\/div> <div class=\"rl-gallery-item\" > <div class=\"rl-gallery-item-content\"> <a href=\"https:\/\/www.dieterrudiger.com\/wp-content\/uploads\/2022\/09\/RUDIGER_HDPRAT22_049_DSC2781.jpg\" title=\"\" data-rl_title=\"\" class=\"rl-gallery-link\" data-rl_caption=\"\" data-rel=\"lightbox-gallery-1\"><img loading=\"lazy\" decoding=\"async\" src=\"https:\/\/www.dieterrudiger.com\/wp-content\/uploads\/2022\/09\/RUDIGER_HDPRAT22_049_DSC2781.jpg\" width=\"790\" height=\"1185\" alt=\"\" \/><\/a> <\/div> <\/div> <div class=\"rl-gallery-item\" > <div class=\"rl-gallery-item-content\"> <a href=\"https:\/\/www.dieterrudiger.com\/wp-content\/uploads\/2022\/09\/RUDIGER_HDPRAT22_050_DSC2782.jpg\" title=\"\" data-rl_title=\"\" class=\"rl-gallery-link\" data-rl_caption=\"\" data-rel=\"lightbox-gallery-1\"><img loading=\"lazy\" decoding=\"async\" src=\"https:\/\/www.dieterrudiger.com\/wp-content\/uploads\/2022\/09\/RUDIGER_HDPRAT22_050_DSC2782.jpg\" width=\"790\" height=\"1185\" alt=\"\" \/><\/a> <\/div> <\/div> <div class=\"rl-gallery-item\" > <div class=\"rl-gallery-item-content\"> <a href=\"https:\/\/www.dieterrudiger.com\/wp-content\/uploads\/2022\/09\/RUDIGER_HDPRAT22_051_DSC2795.jpg\" title=\"\" data-rl_title=\"\" class=\"rl-gallery-link\" data-rl_caption=\"\" data-rel=\"lightbox-gallery-1\"><img loading=\"lazy\" decoding=\"async\" src=\"https:\/\/www.dieterrudiger.com\/wp-content\/uploads\/2022\/09\/RUDIGER_HDPRAT22_051_DSC2795.jpg\" width=\"790\" height=\"1185\" alt=\"\" \/><\/a> <\/div> <\/div> <div class=\"rl-gallery-item\" > <div class=\"rl-gallery-item-content\"> <a href=\"https:\/\/www.dieterrudiger.com\/wp-content\/uploads\/2022\/09\/RUDIGER_HDPRAT22_052_DSC2803.jpg\" title=\"\" data-rl_title=\"\" class=\"rl-gallery-link\" data-rl_caption=\"\" data-rel=\"lightbox-gallery-1\"><img loading=\"lazy\" decoding=\"async\" src=\"https:\/\/www.dieterrudiger.com\/wp-content\/uploads\/2022\/09\/RUDIGER_HDPRAT22_052_DSC2803.jpg\" width=\"790\" height=\"1185\" alt=\"\" \/><\/a> <\/div> <\/div> <\/div> <\/div><\/div>\n\n\n\n<p><\/p>\n\n\n<p style=\"text-align: center;\"><strong><em>La complexit\u00e9 et l\u2019enchev\u00eatrement du monde actuel forment des noeuds inextricables difficiles \u00e0 d\u00e9m\u00ealer<\/em><\/strong><\/p>\n<p style=\"text-align: center;\"><strong><em>Le courant passe ou est bloqu\u00e9,\u00a0les enjeux de l&rsquo;\u00e9nergie accaparent notre attention<\/em><\/strong><\/p>\n\n\n<hr class=\"wp-block-separator has-alpha-channel-opacity is-style-wide\"\/>\n\n\n<p style=\"text-align: left;\">Dans cette s\u00e9rie, un objet utilitaire est d\u00e9pouill\u00e9 de sa fonction. Des c\u00e2bles \u00e9lectriques sont suspendus p\u00eale-m\u00eale sur un axe vertical. La rotation offre une multitude de points de vue. Le temps de la photographie, l\u2019objet le plus trivial acquiert le statut d\u2019une sculpture \u00e9ph\u00e9m\u00e8re.<span class=\"Apple-converted-space\">\u00a0<\/span><\/p>","protected":false},"excerpt":{"rendered":"<p>La confusion r\u00e8gne La complexit\u00e9 et l\u2019enchev\u00eatrement du monde actuel forment des noeuds inextricables difficiles \u00e0 d\u00e9m\u00ealer Le courant passe ou est bloqu\u00e9,\u00a0les enjeux de l&rsquo;\u00e9nergie accaparent notre attention Dans cette s\u00e9rie, un objet utilitaire est d\u00e9pouill\u00e9 de sa fonction. Des c\u00e2bles \u00e9lectriques sont suspendus [&hellip;]<\/p>\n","protected":false},"author":1,"featured_media":0,"parent":0,"menu_order":0,"comment_status":"closed","ping_status":"closed","template":"","meta":{"footnotes":""},"class_list":["post-635","page","type-page","status-publish","hentry"],"yoast_head":"<!-- This site is optimized with the Yoast SEO plugin v27.4 - https:\/\/yoast.com\/product\/yoast-seo-wordpress\/ -->\n<title>En ce monde - Dieter Rudiger<\/title>\n<meta name=\"robots\" content=\"index, follow, max-snippet:-1, max-image-preview:large, max-video-preview:-1\" \/>\n<link rel=\"canonical\" href=\"https:\/\/www.dieterrudiger.com\/index.php\/en-ce-monde\/\" \/>\n<meta property=\"og:locale\" content=\"fr_FR\" \/>\n<meta property=\"og:type\" content=\"article\" \/>\n<meta property=\"og:title\" content=\"En ce monde - Dieter Rudiger\" \/>\n<meta property=\"og:description\" content=\"La confusion r\u00e8gne La complexit\u00e9 et l\u2019enchev\u00eatrement du monde actuel forment des noeuds inextricables difficiles \u00e0 d\u00e9m\u00ealer Le courant passe ou est bloqu\u00e9,\u00a0les enjeux de l&rsquo;\u00e9nergie accaparent notre attention Dans cette s\u00e9rie, un objet utilitaire est d\u00e9pouill\u00e9 de sa fonction. Des c\u00e2bles \u00e9lectriques sont suspendus [&hellip;]\" \/>\n<meta property=\"og:url\" content=\"https:\/\/www.dieterrudiger.com\/index.php\/en-ce-monde\/\" \/>\n<meta property=\"og:site_name\" content=\"Dieter Rudiger\" \/>\n<meta property=\"article:modified_time\" content=\"2022-11-16T07:56:19+00:00\" \/>\n<meta name=\"twitter:card\" content=\"summary_large_image\" \/>\n<meta name=\"twitter:label1\" content=\"Dur\u00e9e de lecture estim\u00e9e\" \/>\n\t<meta name=\"twitter:data1\" content=\"1 minute\" \/>\n<script type=\"application\/ld+json\" class=\"yoast-schema-graph\">{\"@context\":\"https:\\\/\\\/schema.org\",\"@graph\":[{\"@type\":\"WebPage\",\"@id\":\"https:\\\/\\\/www.dieterrudiger.com\\\/index.php\\\/en-ce-monde\\\/\",\"url\":\"https:\\\/\\\/www.dieterrudiger.com\\\/index.php\\\/en-ce-monde\\\/\",\"name\":\"En ce monde - Dieter Rudiger\",\"isPartOf\":{\"@id\":\"https:\\\/\\\/www.dieterrudiger.com\\\/#website\"},\"datePublished\":\"2022-11-15T08:32:48+00:00\",\"dateModified\":\"2022-11-16T07:56:19+00:00\",\"breadcrumb\":{\"@id\":\"https:\\\/\\\/www.dieterrudiger.com\\\/index.php\\\/en-ce-monde\\\/#breadcrumb\"},\"inLanguage\":\"fr-FR\",\"potentialAction\":[{\"@type\":\"ReadAction\",\"target\":[\"https:\\\/\\\/www.dieterrudiger.com\\\/index.php\\\/en-ce-monde\\\/\"]}]},{\"@type\":\"BreadcrumbList\",\"@id\":\"https:\\\/\\\/www.dieterrudiger.com\\\/index.php\\\/en-ce-monde\\\/#breadcrumb\",\"itemListElement\":[{\"@type\":\"ListItem\",\"position\":1,\"name\":\"Accueil\",\"item\":\"https:\\\/\\\/www.dieterrudiger.com\\\/\"},{\"@type\":\"ListItem\",\"position\":2,\"name\":\"En ce monde\"}]},{\"@type\":\"WebSite\",\"@id\":\"https:\\\/\\\/www.dieterrudiger.com\\\/#website\",\"url\":\"https:\\\/\\\/www.dieterrudiger.com\\\/\",\"name\":\"Dieter Rudiger\",\"description\":\"\",\"publisher\":{\"@id\":\"https:\\\/\\\/www.dieterrudiger.com\\\/#\\\/schema\\\/person\\\/1e7ab183e4af86d23dc070792014c526\"},\"potentialAction\":[{\"@type\":\"SearchAction\",\"target\":{\"@type\":\"EntryPoint\",\"urlTemplate\":\"https:\\\/\\\/www.dieterrudiger.com\\\/?s={search_term_string}\"},\"query-input\":{\"@type\":\"PropertyValueSpecification\",\"valueRequired\":true,\"valueName\":\"search_term_string\"}}],\"inLanguage\":\"fr-FR\"},{\"@type\":[\"Person\",\"Organization\"],\"@id\":\"https:\\\/\\\/www.dieterrudiger.com\\\/#\\\/schema\\\/person\\\/1e7ab183e4af86d23dc070792014c526\",\"name\":\"Dieter Rudiger\",\"image\":{\"@type\":\"ImageObject\",\"inLanguage\":\"fr-FR\",\"@id\":\"https:\\\/\\\/dieterrudiger.com\\\/wp-content\\\/uploads\\\/2022\\\/02\\\/cropped-R001287-1.jpg\",\"url\":\"https:\\\/\\\/dieterrudiger.com\\\/wp-content\\\/uploads\\\/2022\\\/02\\\/cropped-R001287-1.jpg\",\"contentUrl\":\"https:\\\/\\\/dieterrudiger.com\\\/wp-content\\\/uploads\\\/2022\\\/02\\\/cropped-R001287-1.jpg\",\"width\":512,\"height\":512,\"caption\":\"Dieter Rudiger\"},\"logo\":{\"@id\":\"https:\\\/\\\/dieterrudiger.com\\\/wp-content\\\/uploads\\\/2022\\\/02\\\/cropped-R001287-1.jpg\"},\"sameAs\":[\"https:\\\/\\\/dieterrudiger.com\"]}]}<\/script>\n<!-- \/ Yoast SEO plugin. -->","yoast_head_json":{"title":"En ce monde - Dieter Rudiger","robots":{"index":"index","follow":"follow","max-snippet":"max-snippet:-1","max-image-preview":"max-image-preview:large","max-video-preview":"max-video-preview:-1"},"canonical":"https:\/\/www.dieterrudiger.com\/index.php\/en-ce-monde\/","og_locale":"fr_FR","og_type":"article","og_title":"En ce monde - Dieter Rudiger","og_description":"La confusion r\u00e8gne La complexit\u00e9 et l\u2019enchev\u00eatrement du monde actuel forment des noeuds inextricables difficiles \u00e0 d\u00e9m\u00ealer Le courant passe ou est bloqu\u00e9,\u00a0les enjeux de l&rsquo;\u00e9nergie accaparent notre attention Dans cette s\u00e9rie, un objet utilitaire est d\u00e9pouill\u00e9 de sa fonction. Des c\u00e2bles \u00e9lectriques sont suspendus [&hellip;]","og_url":"https:\/\/www.dieterrudiger.com\/index.php\/en-ce-monde\/","og_site_name":"Dieter Rudiger","article_modified_time":"2022-11-16T07:56:19+00:00","twitter_card":"summary_large_image","twitter_misc":{"Dur\u00e9e de lecture estim\u00e9e":"1 minute"},"schema":{"@context":"https:\/\/schema.org","@graph":[{"@type":"WebPage","@id":"https:\/\/www.dieterrudiger.com\/index.php\/en-ce-monde\/","url":"https:\/\/www.dieterrudiger.com\/index.php\/en-ce-monde\/","name":"En ce monde - Dieter Rudiger","isPartOf":{"@id":"https:\/\/www.dieterrudiger.com\/#website"},"datePublished":"2022-11-15T08:32:48+00:00","dateModified":"2022-11-16T07:56:19+00:00","breadcrumb":{"@id":"https:\/\/www.dieterrudiger.com\/index.php\/en-ce-monde\/#breadcrumb"},"inLanguage":"fr-FR","potentialAction":[{"@type":"ReadAction","target":["https:\/\/www.dieterrudiger.com\/index.php\/en-ce-monde\/"]}]},{"@type":"BreadcrumbList","@id":"https:\/\/www.dieterrudiger.com\/index.php\/en-ce-monde\/#breadcrumb","itemListElement":[{"@type":"ListItem","position":1,"name":"Accueil","item":"https:\/\/www.dieterrudiger.com\/"},{"@type":"ListItem","position":2,"name":"En ce monde"}]},{"@type":"WebSite","@id":"https:\/\/www.dieterrudiger.com\/#website","url":"https:\/\/www.dieterrudiger.com\/","name":"Dieter Rudiger","description":"","publisher":{"@id":"https:\/\/www.dieterrudiger.com\/#\/schema\/person\/1e7ab183e4af86d23dc070792014c526"},"potentialAction":[{"@type":"SearchAction","target":{"@type":"EntryPoint","urlTemplate":"https:\/\/www.dieterrudiger.com\/?s={search_term_string}"},"query-input":{"@type":"PropertyValueSpecification","valueRequired":true,"valueName":"search_term_string"}}],"inLanguage":"fr-FR"},{"@type":["Person","Organization"],"@id":"https:\/\/www.dieterrudiger.com\/#\/schema\/person\/1e7ab183e4af86d23dc070792014c526","name":"Dieter Rudiger","image":{"@type":"ImageObject","inLanguage":"fr-FR","@id":"https:\/\/dieterrudiger.com\/wp-content\/uploads\/2022\/02\/cropped-R001287-1.jpg","url":"https:\/\/dieterrudiger.com\/wp-content\/uploads\/2022\/02\/cropped-R001287-1.jpg","contentUrl":"https:\/\/dieterrudiger.com\/wp-content\/uploads\/2022\/02\/cropped-R001287-1.jpg","width":512,"height":512,"caption":"Dieter Rudiger"},"logo":{"@id":"https:\/\/dieterrudiger.com\/wp-content\/uploads\/2022\/02\/cropped-R001287-1.jpg"},"sameAs":["https:\/\/dieterrudiger.com"]}]}},"_links":{"self":[{"href":"https:\/\/www.dieterrudiger.com\/index.php\/wp-json\/wp\/v2\/pages\/635","targetHints":{"allow":["GET"]}}],"collection":[{"href":"https:\/\/www.dieterrudiger.com\/index.php\/wp-json\/wp\/v2\/pages"}],"about":[{"href":"https:\/\/www.dieterrudiger.com\/index.php\/wp-json\/wp\/v2\/types\/page"}],"author":[{"embeddable":true,"href":"https:\/\/www.dieterrudiger.com\/index.php\/wp-json\/wp\/v2\/users\/1"}],"replies":[{"embeddable":true,"href":"https:\/\/www.dieterrudiger.com\/index.php\/wp-json\/wp\/v2\/comments?post=635"}],"version-history":[{"count":23,"href":"https:\/\/www.dieterrudiger.com\/index.php\/wp-json\/wp\/v2\/pages\/635\/revisions"}],"predecessor-version":[{"id":691,"href":"https:\/\/www.dieterrudiger.com\/index.php\/wp-json\/wp\/v2\/pages\/635\/revisions\/691"}],"wp:attachment":[{"href":"https:\/\/www.dieterrudiger.com\/index.php\/wp-json\/wp\/v2\/media?parent=635"}],"curies":[{"name":"wp","href":"https:\/\/api.w.org\/{rel}","templated":true}]}}